{"id":10962,"date":"2024-11-12T20:55:36","date_gmt":"2024-11-12T20:55:36","guid":{"rendered":"https:\/\/fabenerji.com\/urunler\/?post_type=product&#038;p=10962"},"modified":"2024-11-13T08:13:44","modified_gmt":"2024-11-13T08:13:44","slug":"kopya-arac-lastik-sisirme-pompasi-hava-kompresoru-250psi-12v-volt-sisirici-kompresor-pompa-seti","status":"publish","type":"product","link":"https:\/\/fabenerji.com\/urunler\/urun\/kopya-arac-lastik-sisirme-pompasi-hava-kompresoru-250psi-12v-volt-sisirici-kompresor-pompa-seti\/","title":{"rendered":"(Kopya) Ara\u00e7 Lastik \u015ei\u015firme Pompas\u0131 Hava Kompres\u00f6r\u00fc 250psi 12v Volt \u015ei\u015firici Kompres\u00f6r Pompa Seti"},"content":{"rendered":"<p><strong>Oto Ara\u00e7 Lastik Hava \u015ei\u015firme Kompres\u00f6r\u00fc 250 Psi<\/strong><\/p>\n<p>Trafi\u011fe \u00e7\u0131kmadan, spor aktivilerinde, tatil g\u00fcnlerinde vb. durumlarda hayat\u0131n\u0131 kolayla\u015ft\u0131racak Hava Kompres\u00f6r\u00fc 250 PSI Tire Inflator: Ara\u00e7 \u00c7akmak Giri\u015fli + Her\u015feyi \u015ei\u015firmek \u0130\u00e7in.<\/p>\n<p>Sabah uyand\u0131\u011f\u0131n\u0131zda araban\u0131z\u0131n lasti\u011fi inmi\u015f olabilir ya da uzun yolda lasti\u011finiz patlayabilir.<br \/>\nYapman\u0131z gereken sadece arac\u0131n\u0131z \u00e7al\u0131\u015f\u0131rken arac\u0131n\u0131z\u0131n \u00e7akmak giri\u015fine Hava Kompres\u00f6r\u00fc&#8217;n\u00fc ba\u011flayarak lasti\u011finizi \u015fi\u015firmek.<br \/>\nArt\u0131k el pompas\u0131 ile saatlerce s\u00fcren \u015fi\u015firme i\u015flemlerine vakit ay\u0131rarak zaman kaybetmeyecek ve yorulmayacaks\u0131n\u0131z.<br \/>\n250 PSI Hava Kompresor\u00fc ile saniyeler i\u00e7erisinde yorulmadan, zaman kaybetmeden \u015fi\u015firme i\u015flemlerini yerine getirebilirsiniz.<br \/>\n\u015ei\u015fme yataklar, ara\u00e7 lastikleri, top, bisiklet lasti\u011fi, balon vb. bir\u00e7ok \u00fcr\u00fcn\u00fc Tire Inflator Ara\u00e7 Adapt\u00f6rl\u00fc Hava Kompres\u00f6r\u00fc 250 PSI ile kolayca \u015fi\u015firebileceksiniz.<\/p>\n<p>&nbsp;<\/p>\n<p>Tire Inflator Ara\u00e7 Adapt\u00f6rl\u00fc Hava Kompres\u00f6r\u00fc 250 PSI \u00d6zellikleri:<\/p>\n<ul>\n<li>\u00a0 \u00a0 250 PSI hava bas\u0131n\u00e7 g\u00fcc\u00fcne sahiptir.<\/li>\n<li>\u00a0 \u00a0 12 volt \u00e7akmaktan enerji alabilir.<\/li>\n<li>\u00a0 \u00a0 5 cm \u00e7ap\u0131nda hava bas\u0131n\u00e7 g\u00f6stergesi mevcuttur.<\/li>\n<li>\u00a0 \u00a0 3\u00a0adet farkl\u0131 \u015fi\u015firme aparat\u0131 vard\u0131r.<\/li>\n<li>\u00a0 \u00a0 2,7 metre kablo uzunlu\u011fu mevcuttur.<\/li>\n<li>\u00a0 \u00a0 Arac\u0131n\u0131zda fazla yer kaplamayan kompakt tasar\u0131ma sahiptir.<\/li>\n<li>\u00a0 \u00a0 Kullan\u0131m\u0131 olduk\u00e7a kolayd\u0131r.<\/li>\n<\/ul>\n","protected":false},"excerpt":{"rendered":"<p>Oto Ara\u00e7 Lastik Hava \u015ei\u015firme Kompres\u00f6r\u00fc 250 Psi Trafi\u011fe \u00e7\u0131kmadan, spor aktivilerinde, tatil g\u00fcnlerinde vb. durumlarda hayat\u0131n\u0131 kolayla\u015ft\u0131racak Hava Kompres\u00f6r\u00fc<\/p>\n","protected":false},"featured_media":10963,"comment_status":"open","ping_status":"closed","template":"","meta":[],"product_brand":[],"product_cat":[133],"product_tag":[],"class_list":{"0":"post-10962","1":"product","2":"type-product","3":"status-publish","4":"has-post-thumbnail","6":"product_cat-gunes-enerji-panelleri","8":"first","9":"instock","10":"shipping-taxable","11":"purchasable","12":"product-type-simple"},"_links":{"self":[{"href":"https:\/\/fabenerji.com\/urunler\/wp-json\/wp\/v2\/product\/10962","targetHints":{"allow":["GET"]}}],"collection":[{"href":"https:\/\/fabenerji.com\/urunler\/wp-json\/wp\/v2\/product"}],"about":[{"href":"https:\/\/fabenerji.com\/urunler\/wp-json\/wp\/v2\/types\/product"}],"replies":[{"embeddable":true,"href":"https:\/\/fabenerji.com\/urunler\/wp-json\/wp\/v2\/comments?post=10962"}],"version-history":[{"count":1,"href":"https:\/\/fabenerji.com\/urunler\/wp-json\/wp\/v2\/product\/10962\/revisions"}],"predecessor-version":[{"id":10964,"href":"https:\/\/fabenerji.com\/urunler\/wp-json\/wp\/v2\/product\/10962\/revisions\/10964"}],"wp:featuredmedia":[{"embeddable":true,"href":"https:\/\/fabenerji.com\/urunler\/wp-json\/wp\/v2\/media\/10963"}],"wp:attachment":[{"href":"https:\/\/fabenerji.com\/urunler\/wp-json\/wp\/v2\/media?parent=10962"}],"wp:term":[{"taxonomy":"product_brand","embeddable":true,"href":"https:\/\/fabenerji.com\/urunler\/wp-json\/wp\/v2\/product_brand?post=10962"},{"taxonomy":"product_cat","embeddable":true,"href":"https:\/\/fabenerji.com\/urunler\/wp-json\/wp\/v2\/product_cat?post=10962"},{"taxonomy":"product_tag","embeddable":true,"href":"https:\/\/fabenerji.com\/urunler\/wp-json\/wp\/v2\/product_tag?post=10962"}],"curies":[{"name":"wp","href":"https:\/\/api.w.org\/{rel}","templated":true}]}}